{"id":1047,"date":"2025-03-19T11:16:59","date_gmt":"2025-03-19T11:16:59","guid":{"rendered":"https:\/\/cynorwebsolutions.com\/roycemotorcars\/product\/ausserplanmaessige-projekte\/"},"modified":"2025-04-10T09:24:21","modified_gmt":"2025-04-10T09:24:21","slug":"ausserplanmaessige-projekte","status":"publish","type":"product","link":"https:\/\/loewenhardt-partners.com\/de\/produkt\/ausserplanmaessige-projekte\/","title":{"rendered":"Au\u00dferplanm\u00e4\u00dfige Projekte"},"content":{"rendered":"<p>Bei L\u00f6wenhardt Estate repr\u00e4sentieren unsere Off-Plan-Projekte den neuesten Stand der vision\u00e4ren Entwicklung.<\/p>\n","protected":false},"excerpt":{"rendered":"<p>Bei L\u00f6wenhardt Estate repr\u00e4sentieren unsere Off-Plan-Projekte den neuesten Stand der vision\u00e4ren Entwicklung.<\/p>\n","protected":false},"featured_media":812,"comment_status":"open","ping_status":"closed","template":"","meta":{"_acf_changed":false,"_themeisle_gutenberg_block_has_review":false},"product_brand":[],"product_cat":[50],"product_tag":[],"class_list":{"0":"post-1047","1":"product","2":"type-product","3":"status-publish","4":"has-post-thumbnail","6":"product_cat-nicht-kategorisiert","8":"first","9":"instock","10":"shipping-taxable","11":"purchasable","12":"product-type-simple"},"acf":[],"_links":{"self":[{"href":"https:\/\/loewenhardt-partners.com\/de\/wp-json\/wp\/v2\/product\/1047","targetHints":{"allow":["GET"]}}],"collection":[{"href":"https:\/\/loewenhardt-partners.com\/de\/wp-json\/wp\/v2\/product"}],"about":[{"href":"https:\/\/loewenhardt-partners.com\/de\/wp-json\/wp\/v2\/types\/product"}],"replies":[{"embeddable":true,"href":"https:\/\/loewenhardt-partners.com\/de\/wp-json\/wp\/v2\/comments?post=1047"}],"wp:featuredmedia":[{"embeddable":true,"href":"https:\/\/loewenhardt-partners.com\/de\/wp-json\/wp\/v2\/media\/812"}],"wp:attachment":[{"href":"https:\/\/loewenhardt-partners.com\/de\/wp-json\/wp\/v2\/media?parent=1047"}],"wp:term":[{"taxonomy":"product_brand","embeddable":true,"href":"https:\/\/loewenhardt-partners.com\/de\/wp-json\/wp\/v2\/product_brand?post=1047"},{"taxonomy":"product_cat","embeddable":true,"href":"https:\/\/loewenhardt-partners.com\/de\/wp-json\/wp\/v2\/product_cat?post=1047"},{"taxonomy":"product_tag","embeddable":true,"href":"https:\/\/loewenhardt-partners.com\/de\/wp-json\/wp\/v2\/product_tag?post=1047"}],"curies":[{"name":"wp","href":"https:\/\/api.w.org\/{rel}","templated":true}]}}